{"id":1083,"date":"2026-01-21T17:40:21","date_gmt":"2026-01-21T16:40:21","guid":{"rendered":"https:\/\/www.pittorecorradoparenti.com\/?page_id=1083"},"modified":"2026-01-25T16:08:13","modified_gmt":"2026-01-25T15:08:13","slug":"recensioni-e-commenti","status":"publish","type":"page","link":"https:\/\/www.pittorecorradoparenti.com\/?page_id=1083","title":{"rendered":"Recensioni e Commenti"},"content":{"rendered":"\n\n\n<figure class=\"wp-block-image size-large\"><img fetchpriority=\"high\" decoding=\"async\" width=\"683\" height=\"1024\" src=\"https:\/\/www.pittorecorradoparenti.com\/wp-content\/uploads\/2026\/01\/Personaloe-di-Pittura-Comune-di-Molinella-683x1024.jpeg\" alt=\"\" class=\"wp-image-1077\" srcset=\"https:\/\/www.pittorecorradoparenti.com\/wp-content\/uploads\/2026\/01\/Personaloe-di-Pittura-Comune-di-Molinella-683x1024.jpeg 683w, https:\/\/www.pittorecorradoparenti.com\/wp-content\/uploads\/2026\/01\/Personaloe-di-Pittura-Comune-di-Molinella-200x300.jpeg 200w, https:\/\/www.pittorecorradoparenti.com\/wp-content\/uploads\/2026\/01\/Personaloe-di-Pittura-Comune-di-Molinella-768x1152.jpeg 768w, https:\/\/www.pittorecorradoparenti.com\/wp-content\/uploads\/2026\/01\/Personaloe-di-Pittura-Comune-di-Molinella-1024x1536.jpeg 1024w, https:\/\/www.pittorecorradoparenti.com\/wp-content\/uploads\/2026\/01\/Personaloe-di-Pittura-Comune-di-Molinella-1365x2048.jpeg 1365w, https:\/\/www.pittorecorradoparenti.com\/wp-content\/uploads\/2026\/01\/Personaloe-di-Pittura-Comune-di-Molinella.jpeg 1380w\" sizes=\"(max-width: 683px) 100vw, 683px\" \/><\/figure>\n\n\n\n<h2 class=\"wp-block-heading\">Commenti Critici<\/h2>\n\n\n\n<p>L&#8217;Anima vera delle  Rose,  delle  Margherite gialle del Samoggia, dei Paesaggi  innevati, delle nebbie della pianura, della natura. Le dipinge da molti anni con estremo realismo e delicatezza.<\/p>\n\n\n\n<p>Corrado Parenti nativo dalla Provincia di Siracusa, Carabiniere in pensione, e   Pittore delle Budrie di Persiceto-Bologna.<\/p>\n\n\n\n<p>Le numerose e buone recensioni sulle riviste e libri d&#8217;arte definiscono Corrado Parenti come un pittore figurativo, verista e impressionista moderno. Ormai numerose le sue Mostre  Personali.<\/p>\n\n\n\n<p>Ama molto ritrarre la Natura,  Paesaggi  innevati, Fiori, Farfalle, Cavalli, Puledrini.  Ama l &#8216;Autunno, la Primavera,   nei suoi  Paesaggi le piace sempre dipingere vecchi pali della luce.   Perch\u00e8  danno un senso di vita passata ma rimasta, lasciando, credo, nella sensibilit\u00e0 di chi guarda i suoi quadri, tenui  pennellate di malinconia.    P.L.T. da<\/p>\n\n\n\n<p> Il Resto del Carlino<\/p>\n\n\n\n<figure class=\"wp-block-image size-full\"><img decoding=\"async\" width=\"507\" height=\"328\" src=\"https:\/\/www.pittorecorradoparenti.com\/wp-content\/uploads\/2026\/01\/IMG_20161121_181442_1-1.jpg\" alt=\"\" class=\"wp-image-1043\" srcset=\"https:\/\/www.pittorecorradoparenti.com\/wp-content\/uploads\/2026\/01\/IMG_20161121_181442_1-1.jpg 507w, https:\/\/www.pittorecorradoparenti.com\/wp-content\/uploads\/2026\/01\/IMG_20161121_181442_1-1-300x194.jpg 300w\" sizes=\"(max-width: 507px) 100vw, 507px\" \/><\/figure>\n\n\n\n<p><strong>A<\/strong>bbiamo accolto l&#8217;invito a Visitare la sua Mostra convinti di vedere comunque i soliti dipinti di maniera.<\/p>\n\n\n\n<p><strong>C<\/strong>on piacere abbiamo dovuto ampiamente ricrederci. I suoi Paesaggi  invernale, di una purezza e trasparenza  quasi acquarellistica, di una sincerit\u00e0  estrema e nostalgica, ci hanno notevolmente impressionato  Ci sembrato soprattutto  inconsueta l&#8217;umilt\u00e0  con cui  Corrado  Parenti sa  esprimere l&#8217;intima ricchezza, dall&#8217;attivit\u00e0  quotidiana che lo vede a contatto di  miserie, delinquenze, droga, debolezza. Saremmo felici di vedere emergere( perch\u00e8 lo merita)  questo <strong>C<\/strong>arabiniere Pittore, e noi glielo auguriamo sinceramente. G. Varini<\/p>\n\n\n\n<p><strong>C<\/strong>orrado <strong>P<\/strong>arenti, appare dotato di grande sensibilit\u00e0 e di profonda umanit\u00e0.  Riesce a fare vibrare le trame armoniose delle  luci,  anche quando i soggetti appaiono  immersi in atmosfere  fumose, ovattate, nebbiose, in quel  clima  tipico.<\/p>\n\n\n\n<p>Della Pianura  Padana. Senza dubbio vi \u00e8  alla base un sentimento poetico  e  una  rara  forza  evocativa.  Un Artista estremamente spontaneo, autentico, sincero. Gino Trabini<\/p>\n\n\n\n<figure class=\"wp-block-gallery has-nested-images columns-default is-cropped wp-block-gallery-1 is-layout-flex wp-block-gallery-is-layout-flex\">\n<figure class=\"wp-block-image size-large\"><img decoding=\"async\" width=\"617\" height=\"800\" data-id=\"1092\" src=\"https:\/\/www.pittorecorradoparenti.com\/wp-content\/uploads\/2026\/01\/casolareconnevecm.50x70-SNOW.gif\" alt=\"\" class=\"wp-image-1092\"\/><\/figure>\n<\/figure>\n\n\n\n<figure class=\"wp-block-gallery has-nested-images columns-default is-cropped wp-block-gallery-2 is-layout-flex wp-block-gallery-is-layout-flex\">\n<figure class=\"wp-block-image size-large\"><img loading=\"lazy\" decoding=\"async\" width=\"1024\" height=\"742\" data-id=\"1093\" src=\"https:\/\/www.pittorecorradoparenti.com\/wp-content\/uploads\/2026\/01\/IMG_20250308_144807-1024x742.jpg\" alt=\"\" class=\"wp-image-1093\" srcset=\"https:\/\/www.pittorecorradoparenti.com\/wp-content\/uploads\/2026\/01\/IMG_20250308_144807-1024x742.jpg 1024w, https:\/\/www.pittorecorradoparenti.com\/wp-content\/uploads\/2026\/01\/IMG_20250308_144807-300x217.jpg 300w, https:\/\/www.pittorecorradoparenti.com\/wp-content\/uploads\/2026\/01\/IMG_20250308_144807-768x557.jpg 768w, https:\/\/www.pittorecorradoparenti.com\/wp-content\/uploads\/2026\/01\/IMG_20250308_144807-1536x1113.jpg 1536w, https:\/\/www.pittorecorradoparenti.com\/wp-content\/uploads\/2026\/01\/IMG_20250308_144807-2048x1484.jpg 2048w\" sizes=\"(max-width: 1024px) 100vw, 1024px\" \/><\/figure>\n<\/figure>\n\n\n\n<figure class=\"wp-block-image size-large\"><img loading=\"lazy\" decoding=\"async\" width=\"1024\" height=\"633\" src=\"https:\/\/www.pittorecorradoparenti.com\/wp-content\/uploads\/2026\/01\/autunno-con-alberi-50x70-1-1024x633.jpg\" alt=\"\" class=\"wp-image-1094\" srcset=\"https:\/\/www.pittorecorradoparenti.com\/wp-content\/uploads\/2026\/01\/autunno-con-alberi-50x70-1-1024x633.jpg 1024w, https:\/\/www.pittorecorradoparenti.com\/wp-content\/uploads\/2026\/01\/autunno-con-alberi-50x70-1-300x186.jpg 300w, https:\/\/www.pittorecorradoparenti.com\/wp-content\/uploads\/2026\/01\/autunno-con-alberi-50x70-1-768x475.jpg 768w, https:\/\/www.pittorecorradoparenti.com\/wp-content\/uploads\/2026\/01\/autunno-con-alberi-50x70-1.jpg 1513w\" sizes=\"(max-width: 1024px) 100vw, 1024px\" \/><\/figure>\n\n\n\n<p><\/p>\n<div class=\"pvc_clear\"><\/div><p id=\"pvc_stats_1083\" class=\"pvc_stats all  \" data-element-id=\"1083\" style=\"\"><i class=\"pvc-stats-icon medium\" aria-hidden=\"true\"><svg aria-hidden=\"true\" focusable=\"false\" data-prefix=\"far\" data-icon=\"chart-bar\" role=\"img\" xmlns=\"http:\/\/www.w3.org\/2000\/svg\" viewBox=\"0 0 512 512\" class=\"svg-inline--fa fa-chart-bar fa-w-16 fa-2x\"><path fill=\"currentColor\" d=\"M396.8 352h22.4c6.4 0 12.8-6.4 12.8-12.8V108.8c0-6.4-6.4-12.8-12.8-12.8h-22.4c-6.4 0-12.8 6.4-12.8 12.8v230.4c0 6.4 6.4 12.8 12.8 12.8zm-192 0h22.4c6.4 0 12.8-6.4 12.8-12.8V140.8c0-6.4-6.4-12.8-12.8-12.8h-22.4c-6.4 0-12.8 6.4-12.8 12.8v198.4c0 6.4 6.4 12.8 12.8 12.8zm96 0h22.4c6.4 0 12.8-6.4 12.8-12.8V204.8c0-6.4-6.4-12.8-12.8-12.8h-22.4c-6.4 0-12.8 6.4-12.8 12.8v134.4c0 6.4 6.4 12.8 12.8 12.8zM496 400H48V80c0-8.84-7.16-16-16-16H16C7.16 64 0 71.16 0 80v336c0 17.67 14.33 32 32 32h464c8.84 0 16-7.16 16-16v-16c0-8.84-7.16-16-16-16zm-387.2-48h22.4c6.4 0 12.8-6.4 12.8-12.8v-70.4c0-6.4-6.4-12.8-12.8-12.8h-22.4c-6.4 0-12.8 6.4-12.8 12.8v70.4c0 6.4 6.4 12.8 12.8 12.8z\" class=\"\"><\/path><\/svg><\/i> <img loading=\"lazy\" decoding=\"async\" width=\"16\" height=\"16\" alt=\"Loading\" src=\"https:\/\/www.pittorecorradoparenti.com\/wp-content\/plugins\/page-views-count\/ajax-loader-2x.gif\" border=0 \/><\/p><div class=\"pvc_clear\"><\/div>","protected":false},"excerpt":{"rendered":"<p>Commenti Critici L&#8217;Anima vera delle Rose, delle Margherite gialle del Samoggia, dei Paesaggi innevati, delle nebbie della pianura, della natura. Le dipinge da molti anni con estremo realismo e delicatezza. Corrado Parenti nativo dalla Provincia di Siracusa, Carabiniere in pensione, e Pittore delle Budrie di Persiceto-Bologna. Le numerose e buone recensioni sulle riviste e libri [&hellip;]<\/p>\n<div class=\"pvc_clear\"><\/div>\n<p id=\"pvc_stats_1083\" class=\"pvc_stats all  \" data-element-id=\"1083\" style=\"\"><i class=\"pvc-stats-icon medium\" aria-hidden=\"true\"><svg aria-hidden=\"true\" focusable=\"false\" data-prefix=\"far\" data-icon=\"chart-bar\" role=\"img\" xmlns=\"http:\/\/www.w3.org\/2000\/svg\" viewBox=\"0 0 512 512\" class=\"svg-inline--fa fa-chart-bar fa-w-16 fa-2x\"><path fill=\"currentColor\" d=\"M396.8 352h22.4c6.4 0 12.8-6.4 12.8-12.8V108.8c0-6.4-6.4-12.8-12.8-12.8h-22.4c-6.4 0-12.8 6.4-12.8 12.8v230.4c0 6.4 6.4 12.8 12.8 12.8zm-192 0h22.4c6.4 0 12.8-6.4 12.8-12.8V140.8c0-6.4-6.4-12.8-12.8-12.8h-22.4c-6.4 0-12.8 6.4-12.8 12.8v198.4c0 6.4 6.4 12.8 12.8 12.8zm96 0h22.4c6.4 0 12.8-6.4 12.8-12.8V204.8c0-6.4-6.4-12.8-12.8-12.8h-22.4c-6.4 0-12.8 6.4-12.8 12.8v134.4c0 6.4 6.4 12.8 12.8 12.8zM496 400H48V80c0-8.84-7.16-16-16-16H16C7.16 64 0 71.16 0 80v336c0 17.67 14.33 32 32 32h464c8.84 0 16-7.16 16-16v-16c0-8.84-7.16-16-16-16zm-387.2-48h22.4c6.4 0 12.8-6.4 12.8-12.8v-70.4c0-6.4-6.4-12.8-12.8-12.8h-22.4c-6.4 0-12.8 6.4-12.8 12.8v70.4c0 6.4 6.4 12.8 12.8 12.8z\" class=\"\"><\/path><\/svg><\/i> <img loading=\"lazy\" decoding=\"async\" width=\"16\" height=\"16\" alt=\"Loading\" src=\"https:\/\/www.pittorecorradoparenti.com\/wp-content\/plugins\/page-views-count\/ajax-loader-2x.gif\" border=0 \/><\/p>\n<div class=\"pvc_clear\"><\/div>\n","protected":false},"author":2,"featured_media":1069,"parent":0,"menu_order":0,"comment_status":"closed","ping_status":"closed","template":"","meta":{"footnotes":""},"class_list":["post-1083","page","type-page","status-publish","has-post-thumbnail","hentry"],"_links":{"self":[{"href":"https:\/\/www.pittorecorradoparenti.com\/index.php?rest_route=\/wp\/v2\/pages\/1083","targetHints":{"allow":["GET"]}}],"collection":[{"href":"https:\/\/www.pittorecorradoparenti.com\/index.php?rest_route=\/wp\/v2\/pages"}],"about":[{"href":"https:\/\/www.pittorecorradoparenti.com\/index.php?rest_route=\/wp\/v2\/types\/page"}],"author":[{"embeddable":true,"href":"https:\/\/www.pittorecorradoparenti.com\/index.php?rest_route=\/wp\/v2\/users\/2"}],"replies":[{"embeddable":true,"href":"https:\/\/www.pittorecorradoparenti.com\/index.php?rest_route=%2Fwp%2Fv2%2Fcomments&post=1083"}],"version-history":[{"count":5,"href":"https:\/\/www.pittorecorradoparenti.com\/index.php?rest_route=\/wp\/v2\/pages\/1083\/revisions"}],"predecessor-version":[{"id":1095,"href":"https:\/\/www.pittorecorradoparenti.com\/index.php?rest_route=\/wp\/v2\/pages\/1083\/revisions\/1095"}],"wp:featuredmedia":[{"embeddable":true,"href":"https:\/\/www.pittorecorradoparenti.com\/index.php?rest_route=\/wp\/v2\/media\/1069"}],"wp:attachment":[{"href":"https:\/\/www.pittorecorradoparenti.com\/index.php?rest_route=%2Fwp%2Fv2%2Fmedia&parent=1083"}],"curies":[{"name":"wp","href":"https:\/\/api.w.org\/{rel}","templated":true}]}}